{"id":177,"date":"2025-07-02T08:59:18","date_gmt":"2025-07-02T06:59:18","guid":{"rendered":"https:\/\/boutique-essentials.fr\/coquest\/?post_type=product&#038;p=177"},"modified":"2025-07-10T08:45:53","modified_gmt":"2025-07-10T06:45:53","slug":"coquest-la-quete-collaborative-pour-des-recrutements-reussis","status":"publish","type":"product","link":"https:\/\/boutique-essentials.fr\/coquest\/produit\/coquest-la-quete-collaborative-pour-des-recrutements-reussis\/","title":{"rendered":"Coquest : le recrutement cartes sur table !"},"content":{"rendered":"","protected":false},"excerpt":{"rendered":"<p>Pour r\u00e9v\u00e9ler le vrai potentiel des personnes, il faut changer la mani\u00e8re dont on les rencontre.<br \/>\nUn jeu professionnel pour recruter autrement, explorer les potentiels humains, et instaurer un vrai dialogue entre candidat et recruteur.<\/p>\n<p><strong>Jeu 100% fran\u00e7ais, \u00e9co-con\u00e7u<\/strong><\/p>\n<p><span style=\"background-color: #d63385; color: white; padding: 10px 20px; font-size: 10px;\">Je pr\u00e9-commande pour une livraison fin septembre &#8211; d\u00e9but octobre<\/span><\/p>\n<p><span style=\"background-color: #882873; color: white; padding: 10px 20px; font-size: 15px;\">CHOISISSEZ VOTRE FORMULE<\/span><\/p>\n","protected":false},"featured_media":219,"template":"","meta":[],"product_brand":[],"product_cat":[19],"product_tag":[],"class_list":{"0":"post-177","1":"product","2":"type-product","3":"status-publish","4":"has-post-thumbnail","6":"product_cat-produit","8":"entry","9":"has-media","11":"first","12":"instock","13":"shipping-taxable","14":"purchasable","15":"product-type-simple","16":"has-product-nav","17":"col","18":"span_1_of_3","19":"owp-content-center","20":"owp-thumbs-layout-horizontal","21":"owp-btn-normal","22":"owp-tabs-layout-horizontal","23":"has-no-thumbnails"},"yoast_head":"<!-- This site is optimized with the Yoast SEO plugin v26.1.1 - https:\/\/yoast.com\/wordpress\/plugins\/seo\/ -->\n<title>Coquest : le recrutement cartes sur table ! - La DistilleRHie<\/title>\n<meta name=\"robots\" content=\"index, follow, max-snippet:-1, max-image-preview:large, max-video-preview:-1\" \/>\n<link rel=\"canonical\" href=\"https:\/\/boutique-essentials.fr\/coquest\/produit\/coquest-la-quete-collaborative-pour-des-recrutements-reussis\/\" \/>\n<meta property=\"og:locale\" content=\"fr_FR\" \/>\n<meta property=\"og:type\" content=\"article\" \/>\n<meta property=\"og:title\" content=\"Coquest : le recrutement cartes sur table ! - La DistilleRHie\" \/>\n<meta property=\"og:description\" content=\"Pour r\u00e9v\u00e9ler le vrai potentiel des personnes, il faut changer la mani\u00e8re dont on les rencontre. Un jeu professionnel pour recruter autrement, explorer les potentiels humains, et instaurer un vrai dialogue entre candidat et recruteur.  Jeu 100% fran\u00e7ais, \u00e9co-con\u00e7u  Je pr\u00e9-commande pour une livraison fin septembre - d\u00e9but octobre  CHOISISSEZ VOTRE FORMULE\" \/>\n<meta property=\"og:url\" content=\"https:\/\/boutique-essentials.fr\/coquest\/produit\/coquest-la-quete-collaborative-pour-des-recrutements-reussis\/\" \/>\n<meta property=\"og:site_name\" content=\"La DistilleRHie\" \/>\n<meta property=\"article:modified_time\" content=\"2025-07-10T06:45:53+00:00\" \/>\n<meta property=\"og:image\" content=\"https:\/\/boutique-essentials.fr\/coquest\/wp-content\/uploads\/2025\/07\/Boite-de-jeu-CoQuest.webp\" \/>\n\t<meta property=\"og:image:width\" content=\"600\" \/>\n\t<meta property=\"og:image:height\" content=\"600\" \/>\n\t<meta property=\"og:image:type\" content=\"image\/webp\" \/>\n<meta name=\"twitter:card\" content=\"summary_large_image\" \/>\n<meta name=\"twitter:label1\" content=\"Dur\u00e9e de lecture estim\u00e9e\" \/>\n\t<meta name=\"twitter:data1\" content=\"1 minute\" \/>\n<script type=\"application\/ld+json\" class=\"yoast-schema-graph\">{\"@context\":\"https:\/\/schema.org\",\"@graph\":[{\"@type\":\"WebPage\",\"@id\":\"https:\/\/boutique-essentials.fr\/coquest\/produit\/coquest-la-quete-collaborative-pour-des-recrutements-reussis\/\",\"url\":\"https:\/\/boutique-essentials.fr\/coquest\/produit\/coquest-la-quete-collaborative-pour-des-recrutements-reussis\/\",\"name\":\"Coquest : le recrutement cartes sur table ! - La DistilleRHie\",\"isPartOf\":{\"@id\":\"https:\/\/boutique-essentials.fr\/coquest\/#website\"},\"primaryImageOfPage\":{\"@id\":\"https:\/\/boutique-essentials.fr\/coquest\/produit\/coquest-la-quete-collaborative-pour-des-recrutements-reussis\/#primaryimage\"},\"image\":{\"@id\":\"https:\/\/boutique-essentials.fr\/coquest\/produit\/coquest-la-quete-collaborative-pour-des-recrutements-reussis\/#primaryimage\"},\"thumbnailUrl\":\"https:\/\/boutique-essentials.fr\/coquest\/wp-content\/uploads\/2025\/07\/Boite-de-jeu-CoQuest.webp\",\"datePublished\":\"2025-07-02T06:59:18+00:00\",\"dateModified\":\"2025-07-10T06:45:53+00:00\",\"breadcrumb\":{\"@id\":\"https:\/\/boutique-essentials.fr\/coquest\/produit\/coquest-la-quete-collaborative-pour-des-recrutements-reussis\/#breadcrumb\"},\"inLanguage\":\"fr-FR\",\"potentialAction\":[{\"@type\":\"ReadAction\",\"target\":[\"https:\/\/boutique-essentials.fr\/coquest\/produit\/coquest-la-quete-collaborative-pour-des-recrutements-reussis\/\"]}]},{\"@type\":\"ImageObject\",\"inLanguage\":\"fr-FR\",\"@id\":\"https:\/\/boutique-essentials.fr\/coquest\/produit\/coquest-la-quete-collaborative-pour-des-recrutements-reussis\/#primaryimage\",\"url\":\"https:\/\/boutique-essentials.fr\/coquest\/wp-content\/uploads\/2025\/07\/Boite-de-jeu-CoQuest.webp\",\"contentUrl\":\"https:\/\/boutique-essentials.fr\/coquest\/wp-content\/uploads\/2025\/07\/Boite-de-jeu-CoQuest.webp\",\"width\":600,\"height\":600},{\"@type\":\"BreadcrumbList\",\"@id\":\"https:\/\/boutique-essentials.fr\/coquest\/produit\/coquest-la-quete-collaborative-pour-des-recrutements-reussis\/#breadcrumb\",\"itemListElement\":[{\"@type\":\"ListItem\",\"position\":1,\"name\":\"Accueil\",\"item\":\"https:\/\/boutique-essentials.fr\/coquest\/\"},{\"@type\":\"ListItem\",\"position\":2,\"name\":\"Boutique\",\"item\":\"https:\/\/boutique-essentials.fr\/coquest\/boutique\/\"},{\"@type\":\"ListItem\",\"position\":3,\"name\":\"Coquest : le recrutement cartes sur table !\"}]},{\"@type\":\"WebSite\",\"@id\":\"https:\/\/boutique-essentials.fr\/coquest\/#website\",\"url\":\"https:\/\/boutique-essentials.fr\/coquest\/\",\"name\":\"La DistilleRHie\",\"description\":\"\",\"potentialAction\":[{\"@type\":\"SearchAction\",\"target\":{\"@type\":\"EntryPoint\",\"urlTemplate\":\"https:\/\/boutique-essentials.fr\/coquest\/?s={search_term_string}\"},\"query-input\":{\"@type\":\"PropertyValueSpecification\",\"valueRequired\":true,\"valueName\":\"search_term_string\"}}],\"inLanguage\":\"fr-FR\"}]}<\/script>\n<!-- \/ Yoast SEO plugin. -->","yoast_head_json":{"title":"Coquest : le recrutement cartes sur table ! - La DistilleRHie","robots":{"index":"index","follow":"follow","max-snippet":"max-snippet:-1","max-image-preview":"max-image-preview:large","max-video-preview":"max-video-preview:-1"},"canonical":"https:\/\/boutique-essentials.fr\/coquest\/produit\/coquest-la-quete-collaborative-pour-des-recrutements-reussis\/","og_locale":"fr_FR","og_type":"article","og_title":"Coquest : le recrutement cartes sur table ! - La DistilleRHie","og_description":"Pour r\u00e9v\u00e9ler le vrai potentiel des personnes, il faut changer la mani\u00e8re dont on les rencontre. Un jeu professionnel pour recruter autrement, explorer les potentiels humains, et instaurer un vrai dialogue entre candidat et recruteur.  Jeu 100% fran\u00e7ais, \u00e9co-con\u00e7u  Je pr\u00e9-commande pour une livraison fin septembre - d\u00e9but octobre  CHOISISSEZ VOTRE FORMULE","og_url":"https:\/\/boutique-essentials.fr\/coquest\/produit\/coquest-la-quete-collaborative-pour-des-recrutements-reussis\/","og_site_name":"La DistilleRHie","article_modified_time":"2025-07-10T06:45:53+00:00","og_image":[{"width":600,"height":600,"url":"https:\/\/boutique-essentials.fr\/coquest\/wp-content\/uploads\/2025\/07\/Boite-de-jeu-CoQuest.webp","type":"image\/webp"}],"twitter_card":"summary_large_image","twitter_misc":{"Dur\u00e9e de lecture estim\u00e9e":"1 minute"},"schema":{"@context":"https:\/\/schema.org","@graph":[{"@type":"WebPage","@id":"https:\/\/boutique-essentials.fr\/coquest\/produit\/coquest-la-quete-collaborative-pour-des-recrutements-reussis\/","url":"https:\/\/boutique-essentials.fr\/coquest\/produit\/coquest-la-quete-collaborative-pour-des-recrutements-reussis\/","name":"Coquest : le recrutement cartes sur table ! - La DistilleRHie","isPartOf":{"@id":"https:\/\/boutique-essentials.fr\/coquest\/#website"},"primaryImageOfPage":{"@id":"https:\/\/boutique-essentials.fr\/coquest\/produit\/coquest-la-quete-collaborative-pour-des-recrutements-reussis\/#primaryimage"},"image":{"@id":"https:\/\/boutique-essentials.fr\/coquest\/produit\/coquest-la-quete-collaborative-pour-des-recrutements-reussis\/#primaryimage"},"thumbnailUrl":"https:\/\/boutique-essentials.fr\/coquest\/wp-content\/uploads\/2025\/07\/Boite-de-jeu-CoQuest.webp","datePublished":"2025-07-02T06:59:18+00:00","dateModified":"2025-07-10T06:45:53+00:00","breadcrumb":{"@id":"https:\/\/boutique-essentials.fr\/coquest\/produit\/coquest-la-quete-collaborative-pour-des-recrutements-reussis\/#breadcrumb"},"inLanguage":"fr-FR","potentialAction":[{"@type":"ReadAction","target":["https:\/\/boutique-essentials.fr\/coquest\/produit\/coquest-la-quete-collaborative-pour-des-recrutements-reussis\/"]}]},{"@type":"ImageObject","inLanguage":"fr-FR","@id":"https:\/\/boutique-essentials.fr\/coquest\/produit\/coquest-la-quete-collaborative-pour-des-recrutements-reussis\/#primaryimage","url":"https:\/\/boutique-essentials.fr\/coquest\/wp-content\/uploads\/2025\/07\/Boite-de-jeu-CoQuest.webp","contentUrl":"https:\/\/boutique-essentials.fr\/coquest\/wp-content\/uploads\/2025\/07\/Boite-de-jeu-CoQuest.webp","width":600,"height":600},{"@type":"BreadcrumbList","@id":"https:\/\/boutique-essentials.fr\/coquest\/produit\/coquest-la-quete-collaborative-pour-des-recrutements-reussis\/#breadcrumb","itemListElement":[{"@type":"ListItem","position":1,"name":"Accueil","item":"https:\/\/boutique-essentials.fr\/coquest\/"},{"@type":"ListItem","position":2,"name":"Boutique","item":"https:\/\/boutique-essentials.fr\/coquest\/boutique\/"},{"@type":"ListItem","position":3,"name":"Coquest : le recrutement cartes sur table !"}]},{"@type":"WebSite","@id":"https:\/\/boutique-essentials.fr\/coquest\/#website","url":"https:\/\/boutique-essentials.fr\/coquest\/","name":"La DistilleRHie","description":"","potentialAction":[{"@type":"SearchAction","target":{"@type":"EntryPoint","urlTemplate":"https:\/\/boutique-essentials.fr\/coquest\/?s={search_term_string}"},"query-input":{"@type":"PropertyValueSpecification","valueRequired":true,"valueName":"search_term_string"}}],"inLanguage":"fr-FR"}]}},"_links":{"self":[{"href":"https:\/\/boutique-essentials.fr\/coquest\/wp-json\/wp\/v2\/product\/177","targetHints":{"allow":["GET"]}}],"collection":[{"href":"https:\/\/boutique-essentials.fr\/coquest\/wp-json\/wp\/v2\/product"}],"about":[{"href":"https:\/\/boutique-essentials.fr\/coquest\/wp-json\/wp\/v2\/types\/product"}],"wp:featuredmedia":[{"embeddable":true,"href":"https:\/\/boutique-essentials.fr\/coquest\/wp-json\/wp\/v2\/media\/219"}],"wp:attachment":[{"href":"https:\/\/boutique-essentials.fr\/coquest\/wp-json\/wp\/v2\/media?parent=177"}],"wp:term":[{"taxonomy":"product_brand","embeddable":true,"href":"https:\/\/boutique-essentials.fr\/coquest\/wp-json\/wp\/v2\/product_brand?post=177"},{"taxonomy":"product_cat","embeddable":true,"href":"https:\/\/boutique-essentials.fr\/coquest\/wp-json\/wp\/v2\/product_cat?post=177"},{"taxonomy":"product_tag","embeddable":true,"href":"https:\/\/boutique-essentials.fr\/coquest\/wp-json\/wp\/v2\/product_tag?post=177"}],"curies":[{"name":"wp","href":"https:\/\/api.w.org\/{rel}","templated":true}]}}